{"id":188,"date":"2023-08-12T09:10:38","date_gmt":"2023-08-12T14:10:38","guid":{"rendered":"https:\/\/www.autenticaladorada.com\/?page_id=188"},"modified":"2024-10-19T03:36:37","modified_gmt":"2024-10-19T08:36:37","slug":"somos","status":"publish","type":"page","link":"https:\/\/www.autenticaladorada.com\/index.php\/somos\/","title":{"rendered":"Nosotros"},"content":{"rendered":"<style>\/*! elementor - v3.15.0 - 09-08-2023 *\/<br \/>\n.elementor-heading-title{padding:0;margin:0;line-height:1}.elementor-widget-heading .elementor-heading-title[class*=elementor-size-]>a{color:inherit;font-size:inherit;line-height:inherit}.elementor-widget-heading .elementor-heading-title.elementor-size-small{font-size:15px}.elementor-widget-heading .elementor-heading-title.elementor-size-medium{font-size:19px}.elementor-widget-heading .elementor-heading-title.elementor-size-large{font-size:29px}.elementor-widget-heading .elementor-heading-title.elementor-size-xl{font-size:39px}.elementor-widget-heading .elementor-heading-title.elementor-size-xxl{font-size:59px}<\/style>\n<h2 style=\"font-style: normal; font-weight: var( --e-global-typography-primary-font-weight ); font-family: var( --e-global-typography-primary-font-family ), Sans-serif; text-align: center;\" spellcheck=\"false\" data-elementor-setting-key=\"title\" data-pen-placeholder=\"Teclea aqu\u00ed...\" data-lt-tmp-id=\"lt-288798\" data-gramm=\"false\">\u00a1Somos Radio Aut\u00e9ntica La Dorada!<\/h2>\n<style>\/*! pro-elements - v3.14.0 - 18-06-2023 *\/<br \/>\n.elementor-slides .swiper-slide-bg{background-size:cover;background-position:50%;background-repeat:no-repeat;min-width:100%;min-height:100%}.elementor-slides .swiper-slide-inner{background-repeat:no-repeat;background-position:50%;position:absolute;top:0;left:0;bottom:0;right:0;padding:50px;margin:auto}.elementor-slides .swiper-slide-inner,.elementor-slides .swiper-slide-inner:hover{color:#fff;display:flex}.elementor-slides .swiper-slide-inner .elementor-background-overlay{position:absolute;z-index:0;top:0;bottom:0;left:0;right:0}.elementor-slides .swiper-slide-inner .elementor-slide-content{position:relative;z-index:1;width:100%}.elementor-slides .swiper-slide-inner .elementor-slide-heading{font-size:35px;font-weight:700;line-height:1}.elementor-slides .swiper-slide-inner .elementor-slide-description{font-size:17px;line-height:1.4}.elementor-slides .swiper-slide-inner .elementor-slide-description:not(:last-child),.elementor-slides .swiper-slide-inner .elementor-slide-heading:not(:last-child){margin-bottom:30px}.elementor-slides .swiper-slide-inner .elementor-slide-button{border:2px solid #fff;color:#fff;background:transparent;display:inline-block}.elementor-slides .swiper-slide-inner .elementor-slide-button,.elementor-slides .swiper-slide-inner .elementor-slide-button:hover{background:transparent;color:inherit;text-decoration:none}.elementor--v-position-top .swiper-slide-inner{align-items:flex-start}.elementor--v-position-bottom .swiper-slide-inner{align-items:flex-end}.elementor--v-position-middle .swiper-slide-inner{align-items:center}.elementor--h-position-left .swiper-slide-inner{justify-content:flex-start}.elementor--h-position-right .swiper-slide-inner{justify-content:flex-end}.elementor--h-position-center .swiper-slide-inner{justify-content:center}body.rtl .elementor-widget-slides .elementor-swiper-button-next{left:10px;right:auto}body.rtl .elementor-widget-slides .elementor-swiper-button-prev{right:10px;left:auto}.elementor-slides-wrapper div:not(.swiper-slide)>.swiper-slide-inner{display:none}@media (max-width:767px){.elementor-slides .swiper-slide-inner{padding:30px}.elementor-slides .swiper-slide-inner .elementor-slide-heading{font-size:23px;line-height:1;margin-bottom:15px}.elementor-slides .swiper-slide-inner .elementor-slide-description{font-size:13px;line-height:1.4;margin-bottom:15px}}<\/style>\n<p>En Radio Aut\u00e9ntica La Dorada, nos enorgullecemos de ser una voz aut\u00e9ntica y espiritual en medio de tu jornada. Ubicados en el coraz\u00f3n de La Dorada, Caldas, somos la misma &#8220;La Voz que Habla a Tu Coraz\u00f3n&#8221; que has conocido y confiado a lo largo de los a\u00f1os. Nuestro nuevo nombre refleja nuestra evoluci\u00f3n y compromiso constante de llevar un mensaje de fe y esperanza.<\/p>\n<p>Inspirados por el vers\u00edculo &#8220;Id, pues, y haced disc\u00edpulos&#8221; (Mateo 28:19), nuestro enfoque cristiano est\u00e1 arraigado en predicar el evangelio y guiar a otros hacia una comprensi\u00f3n m\u00e1s profunda de la fe. Creemos firmemente que, al igual que Dios hace de sus vientos sus mensajeros (Salmo 104:4), somos el medio a trav\u00e9s del cual Su palabra llega a tu coraz\u00f3n.<\/p>\n<p>Nuestra trayectoria como Radio 98.5 FM &#8220;La Voz que Habla a Tu Coraz\u00f3n&#8221; nos ha permitido testificar la transformaci\u00f3n que la palabra divina puede traer a las vidas. A medida que abrazamos nuestro nuevo nombre, Radio Aut\u00e9ntica La Dorada, renovamos nuestro compromiso de ser aut\u00e9nticos y fieles en nuestra b\u00fasqueda de compartir la verdad.<\/p>\n<p>Nuestro equipo est\u00e1 compuesto por apasionados locutores, productores creativos y comunicadores dedicados, todos con un prop\u00f3sito com\u00fan: enriquecer tu vida espiritual a trav\u00e9s de la programaci\u00f3n inspiradora y edificante. Te invitamos a unirte a nosotros en esta emocionante fase de nuestro viaje. Juntos, como mensajeros de la Palabra, continuaremos iluminando corazones y elevando esp\u00edritus.<\/p>\n<p>Bienvenidos a Radio Aut\u00e9ntica La Dorada, tu compa\u00f1ero en el crecimiento espiritual y la conexi\u00f3n con lo divino. \u00a1Estamos aqu\u00ed para guiarte en cada paso del camino!<\/p>\n","protected":false},"excerpt":{"rendered":"<p>\u00a1Somos Radio Aut\u00e9ntica La Dorada! En Radio Aut\u00e9ntica La Dorada, nos enorgullecemos de ser una voz aut\u00e9ntica y espiritual en medio de tu jornada. Ubicados en el coraz\u00f3n de La Dorada, Caldas, somos la misma &#8220;La Voz que Habla a Tu Coraz\u00f3n&#8221; que has conocido y confiado a lo largo de los a\u00f1os. Nuestro nuevo [&hellip;]<\/p>\n","protected":false},"author":1,"featured_media":0,"parent":0,"menu_order":0,"comment_status":"closed","ping_status":"closed","template":"","meta":{"_monsterinsights_skip_tracking":false,"_monsterinsights_sitenote_active":false,"_monsterinsights_sitenote_note":"","_monsterinsights_sitenote_category":0,"footnotes":""},"class_list":["post-188","page","type-page","status-publish","hentry"],"blocksy_meta":[],"aioseo_notices":[],"_links":{"self":[{"href":"https:\/\/www.autenticaladorada.com\/index.php\/wp-json\/wp\/v2\/pages\/188","targetHints":{"allow":["GET"]}}],"collection":[{"href":"https:\/\/www.autenticaladorada.com\/index.php\/wp-json\/wp\/v2\/pages"}],"about":[{"href":"https:\/\/www.autenticaladorada.com\/index.php\/wp-json\/wp\/v2\/types\/page"}],"author":[{"embeddable":true,"href":"https:\/\/www.autenticaladorada.com\/index.php\/wp-json\/wp\/v2\/users\/1"}],"replies":[{"embeddable":true,"href":"https:\/\/www.autenticaladorada.com\/index.php\/wp-json\/wp\/v2\/comments?post=188"}],"version-history":[{"count":10,"href":"https:\/\/www.autenticaladorada.com\/index.php\/wp-json\/wp\/v2\/pages\/188\/revisions"}],"predecessor-version":[{"id":418,"href":"https:\/\/www.autenticaladorada.com\/index.php\/wp-json\/wp\/v2\/pages\/188\/revisions\/418"}],"wp:attachment":[{"href":"https:\/\/www.autenticaladorada.com\/index.php\/wp-json\/wp\/v2\/media?parent=188"}],"curies":[{"name":"wp","href":"https:\/\/api.w.org\/{rel}","templated":true}]}}