{"id":33,"date":"2023-08-11T23:21:44","date_gmt":"2023-08-12T04:21:44","guid":{"rendered":"https:\/\/autenticaladorada.com\/?page_id=33"},"modified":"2025-09-05T10:24:36","modified_gmt":"2025-09-05T15:24:36","slug":"inicio","status":"publish","type":"page","link":"https:\/\/www.autenticaladorada.com\/","title":{"rendered":"Inicio"},"content":{"rendered":"\n<div class=\"alignnormal\"><div id=\"metaslider-id-384\" style=\"width: 100%; margin: 0 auto;\" class=\"ml-slider-3-90-1 metaslider metaslider-flex metaslider-384 ml-slider ms-theme-clarity nav-hidden\" role=\"region\" aria-roledescription=\"Slideshow\" aria-label=\"New Slideshow\">\n    <div id=\"metaslider_container_384\">\n        <div id=\"metaslider_384\">\n            <ul class='slides'>\n                <li style=\"display: block; width: 100%;\" class=\"slide-386 ms-image \" aria-roledescription=\"slide\" aria-label=\"slide-386\"><img loading=\"lazy\" decoding=\"async\" src=\"https:\/\/www.autenticaladorada.com\/wp-content\/uploads\/2024\/05\/devocional-1.png\" height=\"400\" width=\"1080\" alt=\"\" class=\"slider-384 slide-386\" \/><\/li>\n                <li style=\"display: none; width: 100%;\" class=\"slide-387 ms-image \" aria-roledescription=\"slide\" aria-label=\"slide-387\"><img loading=\"lazy\" decoding=\"async\" src=\"https:\/\/www.autenticaladorada.com\/wp-content\/uploads\/2023\/08\/364763440_677266377777259_215100189648056177_n-1080x400.jpg\" height=\"400\" width=\"1080\" alt=\"\" class=\"slider-384 slide-387\" \/><\/li>\n                <li style=\"display: none; width: 100%;\" class=\"slide-385 ms-image \" aria-roledescription=\"slide\" aria-label=\"slide-385\"><img loading=\"lazy\" decoding=\"async\" src=\"https:\/\/www.autenticaladorada.com\/wp-content\/uploads\/2024\/05\/Nuestro-Devocional.png\" height=\"400\" width=\"1080\" alt=\"\" class=\"slider-384 slide-385\" \/><\/li>\n            <\/ul>\n        <\/div>\n        \n    <\/div>\n<\/div><\/div>\n\n\n\n<figure class=\"wp-block-table\"><table><tbody><tr><td>\n                    <h2>Estudio B\u00edblico 1<\/h2>\n                <\/td><td>\n                    <iframe loading=\"lazy\" src=\"https:\/\/www.facebook.com\/plugins\/video.php?height=314&amp;href=https%3A%2F%2Fwww.facebook.com%2FM.J.Jovenes.Convertidos%2Fvideos%2F1255579222522448%2F&amp;show_text=false&amp;width=560&amp;t=0\" width=\"560\" height=\"314\" style=\"border:none;overflow:hidden\" scrolling=\"no\" frameborder=\"0\" allowfullscreen=\"true\" allow=\"autoplay; clipboard-write; encrypted-media; picture-in-picture; web-share\"><\/iframe>\n                <\/td><\/tr><tr><td>\n                    <iframe loading=\"lazy\" src=\"https:\/\/www.facebook.com\/plugins\/video.php?height=314&amp;href=https%3A%2F%2Fwww.facebook.com%2FM.J.Jovenes.Convertidos%2Fvideos%2F1069426701449548%2F&amp;show_text=false&amp;width=560&amp;t=0\" width=\"560\" height=\"314\" style=\"border:none;overflow:hidden\" scrolling=\"no\" frameborder=\"0\" allowfullscreen=\"true\" allow=\"autoplay; clipboard-write; encrypted-media; picture-in-picture; web-share\"><\/iframe>\n                <\/td><td>&gt;\n                    <h2>Estudio B\u00edblico 4<\/h2> \n                <\/td><\/tr><tr><td><h2>Estudio B\u00edblico 3<\/h2>\n                <\/td><td>\n                    <iframe loading=\"lazy\" src=\"https:\/\/www.facebook.com\/plugins\/video.php?height=314&amp;href=https%3A%2F%2Fwww.facebook.com%2FM.J.Jovenes.Convertidos%2Fvideos%2F1057803176345494%2F&amp;show_text=false&amp;width=560&amp;t=0\" width=\"560\" height=\"314\" style=\"border:none;overflow:hidden\" scrolling=\"no\" frameborder=\"0\" allowfullscreen=\"true\" allow=\"autoplay; clipboard-write; encrypted-media; picture-in-picture; web-share\"><\/iframe>\n                <\/td><\/tr><tr><td>\n                    <iframe loading=\"lazy\" src=\"https:\/\/www.facebook.com\/plugins\/video.php?height=314&amp;href=https%3A%2F%2Fwww.facebook.com%2FM.J.Jovenes.Convertidos%2Fvideos%2F891668936165233%2F&amp;show_text=false&amp;width=560&amp;t=0\" width=\"560\" height=\"314\" style=\"border:none;overflow:hidden\" scrolling=\"no\" frameborder=\"0\" allowfullscreen=\"true\" allow=\"autoplay; clipboard-write; encrypted-media; picture-in-picture; web-share\"><\/iframe> \n                <\/td><td><h2>Estudio B\u00edblico 4<\/h2>\n                <\/td><\/tr><\/tbody><\/table><\/figure>\n\n\n\n<div class=\"wp-block-group is-vertical is-layout-flex wp-container-core-group-is-layout-2d729e81 wp-block-group-is-layout-flex\">\n<div class=\"wp-block-columns is-layout-flex wp-container-core-columns-is-layout-28f84493 wp-block-columns-is-layout-flex\">\n<div class=\"wp-block-column is-layout-flow wp-block-column-is-layout-flow\" style=\"flex-basis:100%\">\n<article data-id=\"1\"><\/article>\n<p style=\"text-align: center;\"><div class=\"radio_player\" data-player-type=\"shortcode\"data-data=\"eyJpZCI6MSwidGl0bGUiOiJQbGF5ZXIgVGl0bGUiLCJzdGlja3kiOmZhbHNlLCJzdGF0dXMiOnRydWUsInNraW4iOiJza2luMSIsInN0YXRpb25zIjpbeyJ0aXRsZSI6IkF1dGVudGljYSBMYSBEb3JhZGEiLCJzdHJlYW0iOiJodHRwczpcL1wvcmFkaW9zLm1pc2Vydmlkb3IuY2xvdWRcLzgwMTRcL3N0cmVhbSIsInRodW1ibmFpbCI6Imh0dHA6XC9cL2F1dGVudGljYWxhZG9yYWRhLmNvbVwvd3AtY29udGVudFwvdXBsb2Fkc1wvMjAyM1wvMDhcL2xvZ28yLnBuZyJ9XSwicG9wdXBfaWNvbiI6ZmFsc2UsInBsYXlsaXN0X2ljb24iOmZhbHNlLCJoaXN0b3J5X2ljb24iOmZhbHNlLCJ2b2x1bWVfY29udHJvbCI6dHJ1ZSwicGxheWVyX3N0YXR1cyI6dHJ1ZSwic2hvd19hcnRpc3QiOmZhbHNlLCJzaG93X2FydHdvcmsiOmZhbHNlLCJwbGF5ZXJfdGV4dCI6Ikxpc3RlbiBMaXZlIiwid2lkdGgiOjIwNSwid2lkdGhfbW9iaWxlIjoxMzUsImJvcmRlcl9yYWRpdXMiOjEwMCwiYmdfY29sb3IiOiJsaW5lYXItZ3JhZGllbnQoLTIyNWRlZywgI0UzRkRGNSAwJSwgI0ZGRTZGQSAxMDAlKSIsImJnX2ltYWdlIjoiaHR0cHM6XC9cL2F1dGVudGljYWxhZG9yYWRhLmNvbVwvd3AtY29udGVudFwvcGx1Z2luc1wvcmFkaW8tcGxheWVyXC9hc3NldHNcL2ltYWdlc1wvcGxheWVyLWJnLnBuZyIsImJnX3R5cGUiOiJjb2xvciIsImNvbG9yX3R5cGUiOiJncmFkaWVudCIsInRleHRfY29sb3IiOiJyZ2IoMTQsIDU3LCA5MSkiLCJib3hfc2hhZG93Ijp0cnVlLCJib3hfc2hhZG93X2giOjAsImJveF9zaGFkb3dfdiI6LTEsImJveF9zaGFkb3dfYmx1ciI6NiwiYm94X3NoYWRvd19zcHJlYWQiOjAsImJveF9zaGFkb3dfY29sb3IiOiJyZ2JhKDEwLCAzNywgNjQsIDAuMzUpIiwiYm94X3NoYWRvd190eXBlIjoiaW5zZXQiLCJ3aWR0aF9kZXZpY2UiOiJkZXNrdG9wIiwic2hvd190aXRsZSI6dHJ1ZX0=\"><\/div><\/p>\n<\/div>\n<\/div>\n<\/div>\n\n\n\n<p><\/p>\n","protected":false},"excerpt":{"rendered":"<p>Estudio B\u00edblico 1 &gt; Estudio B\u00edblico 4 Estudio B\u00edblico 3 Estudio B\u00edblico 4<\/p>\n","protected":false},"author":1,"featured_media":0,"parent":0,"menu_order":0,"comment_status":"closed","ping_status":"closed","template":"","meta":{"_monsterinsights_skip_tracking":false,"_monsterinsights_sitenote_active":false,"_monsterinsights_sitenote_note":"","_monsterinsights_sitenote_category":0,"footnotes":""},"class_list":["post-33","page","type-page","status-publish","hentry"],"blocksy_meta":{"page_structure_type":"default","disable_featured_image":"no","styles_descriptor":{"styles":{"desktop":"","tablet":"","mobile":""},"google_fonts":[],"version":6},"has_hero_section":"disabled"},"aioseo_notices":[],"_links":{"self":[{"href":"https:\/\/www.autenticaladorada.com\/index.php\/wp-json\/wp\/v2\/pages\/33","targetHints":{"allow":["GET"]}}],"collection":[{"href":"https:\/\/www.autenticaladorada.com\/index.php\/wp-json\/wp\/v2\/pages"}],"about":[{"href":"https:\/\/www.autenticaladorada.com\/index.php\/wp-json\/wp\/v2\/types\/page"}],"author":[{"embeddable":true,"href":"https:\/\/www.autenticaladorada.com\/index.php\/wp-json\/wp\/v2\/users\/1"}],"replies":[{"embeddable":true,"href":"https:\/\/www.autenticaladorada.com\/index.php\/wp-json\/wp\/v2\/comments?post=33"}],"version-history":[{"count":143,"href":"https:\/\/www.autenticaladorada.com\/index.php\/wp-json\/wp\/v2\/pages\/33\/revisions"}],"predecessor-version":[{"id":431,"href":"https:\/\/www.autenticaladorada.com\/index.php\/wp-json\/wp\/v2\/pages\/33\/revisions\/431"}],"wp:attachment":[{"href":"https:\/\/www.autenticaladorada.com\/index.php\/wp-json\/wp\/v2\/media?parent=33"}],"curies":[{"name":"wp","href":"https:\/\/api.w.org\/{rel}","templated":true}]}}